{"id":28,"date":"2025-11-18T08:31:47","date_gmt":"2025-11-18T07:31:47","guid":{"rendered":"https:\/\/knowwhatyouarebuying.com\/es\/?page_id=28"},"modified":"2025-11-18T08:32:23","modified_gmt":"2025-11-18T07:32:23","slug":"aviso-legal","status":"publish","type":"page","link":"https:\/\/knowwhatyouarebuying.com\/es\/aviso-legal\/","title":{"rendered":"Aviso Legal"},"content":{"rendered":"<p><em>\u00daltima actualizaci\u00f3n: 18 de noviembre de 2025<\/em><\/p>\n<h2>1. Datos Identificativos del Titular<\/h2>\n<p>En cumplimiento con el deber de informaci\u00f3n recogido en art\u00edculo 10 de la Ley 34\/2002, de 11 de julio, de Servicios de la Sociedad de la Informaci\u00f3n y del Comercio Electr\u00f3nico (LSSI-CE), a continuaci\u00f3n se reflejan los siguientes datos:<\/p>\n<ul>\n<li><strong>Titular del sitio web:<\/strong> \u00d2scar Bordetas Anguera<\/li>\n<li><strong>Nombre comercial:<\/strong> Know What You Are Buying<\/li>\n<li><strong>NIF:<\/strong> ES06316630W<\/li>\n<li><strong>Domicilio:<\/strong> Calle Pardo Bazan 111, Terrassa (Barcelona), Espa\u00f1a.<\/li>\n<li><strong>Correo electr\u00f3nico:<\/strong> contact@knowwhatyouarebuying.com<\/li>\n<li><strong>Actividad Profesional:<\/strong> Creaci\u00f3n de contenido, an\u00e1lisis de productos y marketing de afiliaci\u00f3n.<\/li>\n<\/ul>\n<h2>2. Objeto del Sitio Web<\/h2>\n<p>El sitio web knowwhatyouarebuying.com (en adelante, \u00abel sitio web\u00bb) tiene como objeto principal la publicaci\u00f3n de an\u00e1lisis, rese\u00f1as y comparativas de productos de tecnolog\u00eda, hogar y gaming. El sitio web genera ingresos a trav\u00e9s de programas de afiliaci\u00f3n, lo que significa que podemos recibir comisiones por las compras realizadas a trav\u00e9s de nuestros enlaces sin coste adicional para el usuario.<\/p>\n<h2>3. Condiciones de Uso y Obligaciones del Usuario<\/h2>\n<p>El acceso y\/o uso de este portal atribuye la condici\u00f3n de <strong>USUARIO<\/strong>, que acepta, desde dicho acceso y\/o uso, las condiciones aqu\u00ed reflejadas. El USUARIO se compromete a hacer un uso adecuado de los contenidos y servicios que el titular ofrece a trav\u00e9s de su portal y con car\u00e1cter enunciativo pero no limitativo, a no emplearlos para:<\/p>\n<ul>\n<li>Incurrir en actividades il\u00edcitas, ilegales o contrarias a la buena fe y al orden p\u00fablico.<\/li>\n<li>Difundir contenidos o propaganda de car\u00e1cter racista, xen\u00f3fobo, pornogr\u00e1fico-ilegal, de apolog\u00eda del terrorismo o atentatorio contra los derechos humanos.<\/li>\n<li>Provocar da\u00f1os en los sistemas f\u00edsicos y l\u00f3gicos del titular, de sus proveedores o de terceras personas.<\/li>\n<\/ul>\n<h2>4. Propiedad Intelectual e Industrial<\/h2>\n<p>\u00d2scar Bordetas Anguera, por s\u00ed mismo o como cesionario, es titular de todos los derechos de propiedad intelectual e industrial de su p\u00e1gina web, as\u00ed como de los elementos contenidos en la misma (a t\u00edtulo enunciativo: textos, im\u00e1genes, logotipos, etc.).<\/p>\n<p>Quedan expresamente prohibidas la reproducci\u00f3n, la distribuci\u00f3n y la comunicaci\u00f3n p\u00fablica de la totalidad o parte de los contenidos de esta p\u00e1gina web con fines comerciales, en cualquier soporte y por cualquier medio t\u00e9cnico, sin la autorizaci\u00f3n del titular.<\/p>\n<h2>5. Exclusi\u00f3n de Garant\u00edas y Responsabilidad<\/h2>\n<p>El titular no se hace responsable, en ning\u00fan caso, de los da\u00f1os y perjuicios de cualquier naturaleza que pudieran ocasionar, a t\u00edtulo enunciativo: errores u omisiones en los contenidos, falta de disponibilidad del portal o la transmisi\u00f3n de virus. Las opiniones y an\u00e1lisis vertidos en el sitio web son subjetivos y se basan en pruebas y datos recopilados por nuestro equipo. No garantizamos que los productos analizados satisfagan las expectativas individuales de cada usuario.<\/p>\n<h2>6. Modificaciones<\/h2>\n<p>El titular se reserva el derecho de efectuar sin previo aviso las modificaciones que considere oportunas en su portal, pudiendo cambiar, suprimir o a\u00f1adir tanto los contenidos y servicios que se presten a trav\u00e9s de la misma como la forma en la que \u00e9stos aparezcan presentados.<\/p>\n<h2>7. Legislaci\u00f3n Aplicable y Jurisdicci\u00f3n<\/h2>\n<p>La relaci\u00f3n entre el titular y el USUARIO se regir\u00e1 por la normativa espa\u00f1ola vigente y cualquier controversia se someter\u00e1 a los Juzgados y tribunales de la ciudad de Terrassa, salvo que la Ley aplicable disponga otra cosa.<\/p>\n","protected":false},"excerpt":{"rendered":"<p>\u00daltima actualizaci\u00f3n: 18 de noviembre de 2025 1. Datos Identificativos del Titular En cumplimiento con el deber de informaci\u00f3n recogido en art\u00edculo 10 de la Ley 34\/2002, de 11 de julio, de Servicios de la Sociedad de la Informaci\u00f3n y del Comercio Electr\u00f3nico (LSSI-CE), a continuaci\u00f3n se reflejan los siguientes datos: Titular del sitio web: [&hellip;]<\/p>\n","protected":false},"author":1,"featured_media":0,"parent":0,"menu_order":0,"comment_status":"closed","ping_status":"closed","template":"template-legal.php","meta":{"footnotes":""},"class_list":["post-28","page","type-page","status-publish","hentry"],"yoast_head":"<!-- This site is optimized with the Yoast SEO plugin v27.5 - https:\/\/yoast.com\/product\/yoast-seo-wordpress\/ -->\n<title>Aviso Legal - Know What You Are Buying<\/title>\n<meta name=\"robots\" content=\"noindex, follow\" \/>\n<meta property=\"og:locale\" content=\"es_ES\" \/>\n<meta property=\"og:type\" content=\"article\" \/>\n<meta property=\"og:title\" content=\"Aviso Legal - Know What You Are Buying\" \/>\n<meta property=\"og:description\" content=\"\u00daltima actualizaci\u00f3n: 18 de noviembre de 2025 1. Datos Identificativos del Titular En cumplimiento con el deber de informaci\u00f3n recogido en art\u00edculo 10 de la Ley 34\/2002, de 11 de julio, de Servicios de la Sociedad de la Informaci\u00f3n y del Comercio Electr\u00f3nico (LSSI-CE), a continuaci\u00f3n se reflejan los siguientes datos: Titular del sitio web: [&hellip;]\" \/>\n<meta property=\"og:url\" content=\"https:\/\/knowwhatyouarebuying.com\/es\/aviso-legal\/\" \/>\n<meta property=\"og:site_name\" content=\"Know What You Are Buying\" \/>\n<meta property=\"article:modified_time\" content=\"2025-11-18T07:32:23+00:00\" \/>\n<meta name=\"twitter:card\" content=\"summary_large_image\" \/>\n<meta name=\"twitter:label1\" content=\"Tiempo de lectura\" \/>\n\t<meta name=\"twitter:data1\" content=\"3 minutos\" \/>\n<script type=\"application\/ld+json\" class=\"yoast-schema-graph\">{\"@context\":\"https:\\\/\\\/schema.org\",\"@graph\":[{\"@type\":\"WebPage\",\"@id\":\"https:\\\/\\\/knowwhatyouarebuying.com\\\/es\\\/aviso-legal\\\/\",\"url\":\"https:\\\/\\\/knowwhatyouarebuying.com\\\/es\\\/aviso-legal\\\/\",\"name\":\"Aviso Legal - Know What You Are Buying\",\"isPartOf\":{\"@id\":\"https:\\\/\\\/knowwhatyouarebuying.com\\\/es\\\/#website\"},\"datePublished\":\"2025-11-18T07:31:47+00:00\",\"dateModified\":\"2025-11-18T07:32:23+00:00\",\"breadcrumb\":{\"@id\":\"https:\\\/\\\/knowwhatyouarebuying.com\\\/es\\\/aviso-legal\\\/#breadcrumb\"},\"inLanguage\":\"es\",\"potentialAction\":[{\"@type\":\"ReadAction\",\"target\":[\"https:\\\/\\\/knowwhatyouarebuying.com\\\/es\\\/aviso-legal\\\/\"]}]},{\"@type\":\"BreadcrumbList\",\"@id\":\"https:\\\/\\\/knowwhatyouarebuying.com\\\/es\\\/aviso-legal\\\/#breadcrumb\",\"itemListElement\":[{\"@type\":\"ListItem\",\"position\":1,\"name\":\"Home\",\"item\":\"https:\\\/\\\/knowwhatyouarebuying.com\\\/es\\\/\"},{\"@type\":\"ListItem\",\"position\":2,\"name\":\"Aviso Legal\"}]},{\"@type\":\"WebSite\",\"@id\":\"https:\\\/\\\/knowwhatyouarebuying.com\\\/es\\\/#website\",\"url\":\"https:\\\/\\\/knowwhatyouarebuying.com\\\/es\\\/\",\"name\":\"KnowWhat You Are Buying\",\"description\":\"\",\"potentialAction\":[{\"@type\":\"SearchAction\",\"target\":{\"@type\":\"EntryPoint\",\"urlTemplate\":\"https:\\\/\\\/knowwhatyouarebuying.com\\\/es\\\/?s={search_term_string}\"},\"query-input\":{\"@type\":\"PropertyValueSpecification\",\"valueRequired\":true,\"valueName\":\"search_term_string\"}}],\"inLanguage\":\"es\"}]}<\/script>\n<!-- \/ Yoast SEO plugin. -->","yoast_head_json":{"title":"Aviso Legal - Know What You Are Buying","robots":{"index":"noindex","follow":"follow"},"og_locale":"es_ES","og_type":"article","og_title":"Aviso Legal - Know What You Are Buying","og_description":"\u00daltima actualizaci\u00f3n: 18 de noviembre de 2025 1. Datos Identificativos del Titular En cumplimiento con el deber de informaci\u00f3n recogido en art\u00edculo 10 de la Ley 34\/2002, de 11 de julio, de Servicios de la Sociedad de la Informaci\u00f3n y del Comercio Electr\u00f3nico (LSSI-CE), a continuaci\u00f3n se reflejan los siguientes datos: Titular del sitio web: [&hellip;]","og_url":"https:\/\/knowwhatyouarebuying.com\/es\/aviso-legal\/","og_site_name":"Know What You Are Buying","article_modified_time":"2025-11-18T07:32:23+00:00","twitter_card":"summary_large_image","twitter_misc":{"Tiempo de lectura":"3 minutos"},"schema":{"@context":"https:\/\/schema.org","@graph":[{"@type":"WebPage","@id":"https:\/\/knowwhatyouarebuying.com\/es\/aviso-legal\/","url":"https:\/\/knowwhatyouarebuying.com\/es\/aviso-legal\/","name":"Aviso Legal - Know What You Are Buying","isPartOf":{"@id":"https:\/\/knowwhatyouarebuying.com\/es\/#website"},"datePublished":"2025-11-18T07:31:47+00:00","dateModified":"2025-11-18T07:32:23+00:00","breadcrumb":{"@id":"https:\/\/knowwhatyouarebuying.com\/es\/aviso-legal\/#breadcrumb"},"inLanguage":"es","potentialAction":[{"@type":"ReadAction","target":["https:\/\/knowwhatyouarebuying.com\/es\/aviso-legal\/"]}]},{"@type":"BreadcrumbList","@id":"https:\/\/knowwhatyouarebuying.com\/es\/aviso-legal\/#breadcrumb","itemListElement":[{"@type":"ListItem","position":1,"name":"Home","item":"https:\/\/knowwhatyouarebuying.com\/es\/"},{"@type":"ListItem","position":2,"name":"Aviso Legal"}]},{"@type":"WebSite","@id":"https:\/\/knowwhatyouarebuying.com\/es\/#website","url":"https:\/\/knowwhatyouarebuying.com\/es\/","name":"KnowWhat You Are Buying","description":"","potentialAction":[{"@type":"SearchAction","target":{"@type":"EntryPoint","urlTemplate":"https:\/\/knowwhatyouarebuying.com\/es\/?s={search_term_string}"},"query-input":{"@type":"PropertyValueSpecification","valueRequired":true,"valueName":"search_term_string"}}],"inLanguage":"es"}]}},"_links":{"self":[{"href":"https:\/\/knowwhatyouarebuying.com\/es\/wp-json\/wp\/v2\/pages\/28","targetHints":{"allow":["GET"]}}],"collection":[{"href":"https:\/\/knowwhatyouarebuying.com\/es\/wp-json\/wp\/v2\/pages"}],"about":[{"href":"https:\/\/knowwhatyouarebuying.com\/es\/wp-json\/wp\/v2\/types\/page"}],"author":[{"embeddable":true,"href":"https:\/\/knowwhatyouarebuying.com\/es\/wp-json\/wp\/v2\/users\/1"}],"replies":[{"embeddable":true,"href":"https:\/\/knowwhatyouarebuying.com\/es\/wp-json\/wp\/v2\/comments?post=28"}],"version-history":[{"count":1,"href":"https:\/\/knowwhatyouarebuying.com\/es\/wp-json\/wp\/v2\/pages\/28\/revisions"}],"predecessor-version":[{"id":29,"href":"https:\/\/knowwhatyouarebuying.com\/es\/wp-json\/wp\/v2\/pages\/28\/revisions\/29"}],"wp:attachment":[{"href":"https:\/\/knowwhatyouarebuying.com\/es\/wp-json\/wp\/v2\/media?parent=28"}],"curies":[{"name":"wp","href":"https:\/\/api.w.org\/{rel}","templated":true}]}}