{"id":32,"date":"2025-11-18T08:32:39","date_gmt":"2025-11-18T07:32:39","guid":{"rendered":"https:\/\/knowwhatyouarebuying.com\/es\/?page_id=32"},"modified":"2025-11-18T08:32:39","modified_gmt":"2025-11-18T07:32:39","slug":"politica-de-cookies","status":"publish","type":"page","link":"https:\/\/knowwhatyouarebuying.com\/es\/politica-de-cookies\/","title":{"rendered":"Pol\u00edtica de Cookies"},"content":{"rendered":"<p><em>\u00daltima actualizaci\u00f3n: 18 de noviembre de 2025<\/em><\/p>\n<h2>\u00bfQu\u00e9 son las cookies?<\/h2>\n<p>Una cookie es un peque\u00f1o fichero de texto que se almacena en tu navegador cuando visitas casi cualquier p\u00e1gina web. Su utilidad es que la web sea capaz de recordar tu visita cuando vuelvas a navegar por esa p\u00e1gina. Las cookies suelen almacenar informaci\u00f3n de car\u00e1cter t\u00e9cnico, preferencias personales, estad\u00edsticas de uso, etc.<\/p>\n<h2>\u00bfQu\u00e9 tipos de cookies utiliza esta p\u00e1gina web?<\/h2>\n<p>Siguiendo las directrices de la Agencia Espa\u00f1ola de Protecci\u00f3n de Datos, procedemos a detallar el uso de cookies que hace esta web.<\/p>\n<ul>\n<li><strong>Cookies t\u00e9cnicas o necesarias:<\/strong> Son aquellas imprescindibles para el correcto funcionamiento de la web. No requieren tu consentimiento.<\/li>\n<li><strong>Cookies de an\u00e1lisis o medici\u00f3n:<\/strong> Son aquellas que, tratadas por nosotros o por terceros (como Google Analytics), nos permiten cuantificar el n\u00famero de usuarios y as\u00ed realizar la medici\u00f3n y an\u00e1lisis estad\u00edstico an\u00f3nimo de la utilizaci\u00f3n que hacen los usuarios del servicio.<\/li>\n<ul>\n<li><strong>_ga, _gid, _gat (Google Analytics):<\/strong> Se usan para distinguir a los usuarios y analizar el comportamiento de navegaci\u00f3n de forma an\u00f3nima.<\/li>\n<\/ul>\n<li><strong>Cookies de afiliados:<\/strong> Cuando haces clic en un enlace que lleva a una tienda online (como Amazon), se puede instalar una cookie en tu navegador. Esta cookie informa a la tienda de que has llegado desde nuestra web y nos permite ganar una peque\u00f1a comisi\u00f3n si realizas una compra, sin que a ti te cueste m\u00e1s.<\/li>\n<\/ul>\n<h2>\u00bfC\u00f3mo puedes gestionar y deshabilitar las cookies?<\/h2>\n<p>En cualquier momento podr\u00e1s ejercer tu derecho de desactivaci\u00f3n o eliminaci\u00f3n de cookies de este sitio web. La forma de hacerlo var\u00eda seg\u00fan el navegador que est\u00e9s utilizando. Te recomendamos consultar la secci\u00f3n de \u00abAyuda\u00bb de tu navegador para gestionar las cookies.<\/p>\n<h2>Notas Adicionales<\/h2>\n<ul>\n<li>Ni esta web ni sus representantes legales se hacen responsables ni del contenido ni de la veracidad de las pol\u00edticas de privacidad que puedan tener los terceros mencionados en esta pol\u00edtica de cookies.<\/li>\n<li>Los navegadores web son las herramientas encargadas de almacenar las cookies y desde este lugar debe efectuar su derecho a eliminaci\u00f3n o desactivaci\u00f3n de las mismas.<\/li>\n<\/ul>\n","protected":false},"excerpt":{"rendered":"<p>\u00daltima actualizaci\u00f3n: 18 de noviembre de 2025 \u00bfQu\u00e9 son las cookies? Una cookie es un peque\u00f1o fichero de texto que se almacena en tu navegador cuando visitas casi cualquier p\u00e1gina web. Su utilidad es que la web sea capaz de recordar tu visita cuando vuelvas a navegar por esa p\u00e1gina. Las cookies suelen almacenar informaci\u00f3n [&hellip;]<\/p>\n","protected":false},"author":1,"featured_media":0,"parent":0,"menu_order":0,"comment_status":"closed","ping_status":"closed","template":"template-legal.php","meta":{"footnotes":""},"class_list":["post-32","page","type-page","status-publish","hentry"],"yoast_head":"<!-- This site is optimized with the Yoast SEO plugin v27.5 - https:\/\/yoast.com\/product\/yoast-seo-wordpress\/ -->\n<title>Pol\u00edtica de Cookies - Know What You Are Buying<\/title>\n<meta name=\"robots\" content=\"noindex, follow\" \/>\n<meta property=\"og:locale\" content=\"es_ES\" \/>\n<meta property=\"og:type\" content=\"article\" \/>\n<meta property=\"og:title\" content=\"Pol\u00edtica de Cookies - Know What You Are Buying\" \/>\n<meta property=\"og:description\" content=\"\u00daltima actualizaci\u00f3n: 18 de noviembre de 2025 \u00bfQu\u00e9 son las cookies? Una cookie es un peque\u00f1o fichero de texto que se almacena en tu navegador cuando visitas casi cualquier p\u00e1gina web. Su utilidad es que la web sea capaz de recordar tu visita cuando vuelvas a navegar por esa p\u00e1gina. Las cookies suelen almacenar informaci\u00f3n [&hellip;]\" \/>\n<meta property=\"og:url\" content=\"https:\/\/knowwhatyouarebuying.com\/es\/politica-de-cookies\/\" \/>\n<meta property=\"og:site_name\" content=\"Know What You Are Buying\" \/>\n<meta name=\"twitter:card\" content=\"summary_large_image\" \/>\n<script type=\"application\/ld+json\" class=\"yoast-schema-graph\">{\"@context\":\"https:\\\/\\\/schema.org\",\"@graph\":[{\"@type\":\"WebPage\",\"@id\":\"https:\\\/\\\/knowwhatyouarebuying.com\\\/es\\\/politica-de-cookies\\\/\",\"url\":\"https:\\\/\\\/knowwhatyouarebuying.com\\\/es\\\/politica-de-cookies\\\/\",\"name\":\"Pol\u00edtica de Cookies - Know What You Are Buying\",\"isPartOf\":{\"@id\":\"https:\\\/\\\/knowwhatyouarebuying.com\\\/es\\\/#website\"},\"datePublished\":\"2025-11-18T07:32:39+00:00\",\"breadcrumb\":{\"@id\":\"https:\\\/\\\/knowwhatyouarebuying.com\\\/es\\\/politica-de-cookies\\\/#breadcrumb\"},\"inLanguage\":\"es\",\"potentialAction\":[{\"@type\":\"ReadAction\",\"target\":[\"https:\\\/\\\/knowwhatyouarebuying.com\\\/es\\\/politica-de-cookies\\\/\"]}]},{\"@type\":\"BreadcrumbList\",\"@id\":\"https:\\\/\\\/knowwhatyouarebuying.com\\\/es\\\/politica-de-cookies\\\/#breadcrumb\",\"itemListElement\":[{\"@type\":\"ListItem\",\"position\":1,\"name\":\"Home\",\"item\":\"https:\\\/\\\/knowwhatyouarebuying.com\\\/es\\\/\"},{\"@type\":\"ListItem\",\"position\":2,\"name\":\"Pol\u00edtica de Cookies\"}]},{\"@type\":\"WebSite\",\"@id\":\"https:\\\/\\\/knowwhatyouarebuying.com\\\/es\\\/#website\",\"url\":\"https:\\\/\\\/knowwhatyouarebuying.com\\\/es\\\/\",\"name\":\"KnowWhat You Are Buying\",\"description\":\"\",\"potentialAction\":[{\"@type\":\"SearchAction\",\"target\":{\"@type\":\"EntryPoint\",\"urlTemplate\":\"https:\\\/\\\/knowwhatyouarebuying.com\\\/es\\\/?s={search_term_string}\"},\"query-input\":{\"@type\":\"PropertyValueSpecification\",\"valueRequired\":true,\"valueName\":\"search_term_string\"}}],\"inLanguage\":\"es\"}]}<\/script>\n<!-- \/ Yoast SEO plugin. -->","yoast_head_json":{"title":"Pol\u00edtica de Cookies - Know What You Are Buying","robots":{"index":"noindex","follow":"follow"},"og_locale":"es_ES","og_type":"article","og_title":"Pol\u00edtica de Cookies - Know What You Are Buying","og_description":"\u00daltima actualizaci\u00f3n: 18 de noviembre de 2025 \u00bfQu\u00e9 son las cookies? Una cookie es un peque\u00f1o fichero de texto que se almacena en tu navegador cuando visitas casi cualquier p\u00e1gina web. Su utilidad es que la web sea capaz de recordar tu visita cuando vuelvas a navegar por esa p\u00e1gina. Las cookies suelen almacenar informaci\u00f3n [&hellip;]","og_url":"https:\/\/knowwhatyouarebuying.com\/es\/politica-de-cookies\/","og_site_name":"Know What You Are Buying","twitter_card":"summary_large_image","schema":{"@context":"https:\/\/schema.org","@graph":[{"@type":"WebPage","@id":"https:\/\/knowwhatyouarebuying.com\/es\/politica-de-cookies\/","url":"https:\/\/knowwhatyouarebuying.com\/es\/politica-de-cookies\/","name":"Pol\u00edtica de Cookies - Know What You Are Buying","isPartOf":{"@id":"https:\/\/knowwhatyouarebuying.com\/es\/#website"},"datePublished":"2025-11-18T07:32:39+00:00","breadcrumb":{"@id":"https:\/\/knowwhatyouarebuying.com\/es\/politica-de-cookies\/#breadcrumb"},"inLanguage":"es","potentialAction":[{"@type":"ReadAction","target":["https:\/\/knowwhatyouarebuying.com\/es\/politica-de-cookies\/"]}]},{"@type":"BreadcrumbList","@id":"https:\/\/knowwhatyouarebuying.com\/es\/politica-de-cookies\/#breadcrumb","itemListElement":[{"@type":"ListItem","position":1,"name":"Home","item":"https:\/\/knowwhatyouarebuying.com\/es\/"},{"@type":"ListItem","position":2,"name":"Pol\u00edtica de Cookies"}]},{"@type":"WebSite","@id":"https:\/\/knowwhatyouarebuying.com\/es\/#website","url":"https:\/\/knowwhatyouarebuying.com\/es\/","name":"KnowWhat You Are Buying","description":"","potentialAction":[{"@type":"SearchAction","target":{"@type":"EntryPoint","urlTemplate":"https:\/\/knowwhatyouarebuying.com\/es\/?s={search_term_string}"},"query-input":{"@type":"PropertyValueSpecification","valueRequired":true,"valueName":"search_term_string"}}],"inLanguage":"es"}]}},"_links":{"self":[{"href":"https:\/\/knowwhatyouarebuying.com\/es\/wp-json\/wp\/v2\/pages\/32","targetHints":{"allow":["GET"]}}],"collection":[{"href":"https:\/\/knowwhatyouarebuying.com\/es\/wp-json\/wp\/v2\/pages"}],"about":[{"href":"https:\/\/knowwhatyouarebuying.com\/es\/wp-json\/wp\/v2\/types\/page"}],"author":[{"embeddable":true,"href":"https:\/\/knowwhatyouarebuying.com\/es\/wp-json\/wp\/v2\/users\/1"}],"replies":[{"embeddable":true,"href":"https:\/\/knowwhatyouarebuying.com\/es\/wp-json\/wp\/v2\/comments?post=32"}],"version-history":[{"count":1,"href":"https:\/\/knowwhatyouarebuying.com\/es\/wp-json\/wp\/v2\/pages\/32\/revisions"}],"predecessor-version":[{"id":33,"href":"https:\/\/knowwhatyouarebuying.com\/es\/wp-json\/wp\/v2\/pages\/32\/revisions\/33"}],"wp:attachment":[{"href":"https:\/\/knowwhatyouarebuying.com\/es\/wp-json\/wp\/v2\/media?parent=32"}],"curies":[{"name":"wp","href":"https:\/\/api.w.org\/{rel}","templated":true}]}}