{"id":321,"date":"2026-03-15T19:57:43","date_gmt":"2026-03-15T18:57:43","guid":{"rendered":"https:\/\/knowwhatyouarebuying.com\/es\/?page_id=321"},"modified":"2026-03-15T19:57:43","modified_gmt":"2026-03-15T18:57:43","slug":"como-probamos","status":"publish","type":"page","link":"https:\/\/knowwhatyouarebuying.com\/es\/como-probamos\/","title":{"rendered":"C\u00f3mo probamos"},"content":{"rendered":"<div class=\"corp-text-constrained reveal-on-scroll\">\n<p class=\"corp-lead\">No nos limitamos a \u00abrese\u00f1ar\u00bb productos; los auditamos. Nuestra metodolog\u00eda est\u00e1 dise\u00f1ada para eliminar sesgos humanos, ignorar el ruido del marketing y centrarnos enteramente en el rendimiento medible, la fiabilidad a largo plazo y el valor real.<\/p>\n<p class=\"corp-lead-sub\">Ya estemos evaluando un port\u00e1til de 2.000\u20ac o un dispositivo inteligente de 50\u20ac, absolutamente todos los productos pasan por el mismo marco de evaluaci\u00f3n riguroso y basado en datos antes de obtener una recomendaci\u00f3n en KWYAB.<\/p>\n<\/div>\n<div class=\"corp-grid reveal-on-scroll\">\n<div class=\"corp-card\">\n<div class=\"corp-card-icon\"><svg viewBox=\"0 0 24 24\" fill=\"currentColor\"><path d=\"M19 3H5c-1.1 0-2 .9-2 2v14c0 1.1.9 2 2 2h14c1.1 0 2-.9 2-2V5c0-1.1-.9-2-2-2zm-5 14H7v-2h7v2zm3-4H7v-2h10v2zm0-4H7V7h10v2z\"\/><\/svg><\/div>\n<h3>Benchmarks Objetivos<\/h3>\n<p>Priorizamos los n\u00fameros sobre las sensaciones. Analizamos m\u00e9tricas puras como umbrales de estrangulamiento t\u00e9rmico, precisi\u00f3n de la gama de colores y potencia de procesamiento por d\u00f3lar invertido.<\/p>\n<\/p><\/div>\n<div class=\"corp-card\">\n<div class=\"corp-card-icon\"><svg viewBox=\"0 0 24 24\" fill=\"currentColor\"><path d=\"M12 1L3 5v6c0 5.55 3.84 10.74 9 12 5.16-1.26 9-6.45 9-12V5l-9-4zm-2 16l-4-4 1.41-1.41L10 14.17l6.59-6.59L18 9l-8 8z\"\/><\/svg><\/div>\n<h3>Sentimiento Verificado<\/h3>\n<p>Una prueba de 1 semana no revela la durabilidad a largo plazo. Agregamos y filtramos miles de rese\u00f1as de compradores verificados para detectar problemas de control de calidad a lo largo del tiempo.<\/p>\n<\/p><\/div>\n<div class=\"corp-card\">\n<div class=\"corp-card-icon\"><svg viewBox=\"0 0 24 24\" fill=\"currentColor\"><path d=\"M11.99 2C6.47 2 2 6.48 2 12s4.47 10 9.99 10C17.52 22 22 17.52 22 12S17.52 2 11.99 2zm4.24 16L12 15.45 7.77 18l1.12-4.81-3.73-3.18 4.92-.42L12 5l1.92 4.53 4.92.42-3.73 3.18L16.23 18z\"\/><\/svg><\/div>\n<h3>Puntuaci\u00f3n Contextual<\/h3>\n<p>Los productos se punt\u00faan frente a sus competidores directos en el mismo rango de precios. Un dispositivo de 300\u20ac no se juzga contra un buque insignia de 1.000\u20ac; se juzga por su relaci\u00f3n calidad-precio.<\/p>\n<\/p><\/div>\n<\/div>\n<div class=\"corp-split-wrapper\">\n<div class=\"corp-split-box reveal-on-scroll\">\n<div class=\"corp-split-text\">\n<h3>Filtrando Rese\u00f1as Falsas<\/h3>\n<p>Uno de los mayores problemas a los que se enfrentan los consumidores hoy en d\u00eda es la manipulaci\u00f3n de rese\u00f1as. Los fabricantes utilizan bots y programas incentivados para inflar artificialmente sus valoraciones en las grandes tiendas online.<\/p>\n<p>Nuestra metodolog\u00eda de investigaci\u00f3n implica rastrear miles de puntos de datos y pasarlos por nuestros criterios de filtrado. Descartamos valores at\u00edpicos extremos, identificamos patrones poco naturales en las fechas y aislamos compras verificadas de usuarios que han tenido el producto durante m\u00e1s de 6 meses. Solo nos importa el uso real a largo plazo.<\/p>\n<\/p><\/div>\n<div class=\"corp-split-img\">\n<div class=\"anim-box\">\n<div class=\"anim-grid-bg\"><\/div>\n<div class=\"anim-chart-container\">\n<div class=\"anim-scanner-line\"><\/div>\n<div class=\"anim-bar anim-bar-1\"><\/div>\n<div class=\"anim-bar anim-bar-2\"><\/div>\n<div class=\"anim-bar anim-bar-3\"><\/div>\n<div class=\"anim-bar anim-bar-4\"><\/div>\n<div class=\"anim-bar anim-bar-5\"><\/div>\n<\/p><\/div>\n<\/p><\/div>\n<\/p><\/div>\n<\/p><\/div>\n<\/div>\n<div class=\"corp-text-constrained reveal-on-scroll\" style=\"margin-top: 6em;\">\n<h2>El Proceso de Auditor\u00eda: Paso a Paso<\/h2>\n<p class=\"corp-lead-sub\">La transparencia es nuestro valor fundamental. Esto es exactamente lo que ocurre entre bastidores antes de que se publique un art\u00edculo en KWYAB.<\/p>\n<\/div>\n<div class=\"corp-timeline reveal-on-scroll\">\n<div class=\"corp-timeline-step\">\n<h3>Paso 1: Mapeo del Mercado<\/h3>\n<p>Antes de evaluar nada, mapeamos toda la categor\u00eda de productos. Identificamos los l\u00edderes actuales del mercado, las alternativas econ\u00f3micas y las novedades m\u00e1s publicitadas para asegurar que nuestro grupo de comparaci\u00f3n est\u00e1 completo.<\/p>\n<\/p><\/div>\n<div class=\"corp-timeline-step\">\n<h3>Paso 2: Definici\u00f3n de M\u00e9tricas<\/h3>\n<p>Establecemos las m\u00e9tricas espec\u00edficas que realmente importan para esa categor\u00eda. Para una aspiradora, podr\u00eda ser la potencia de succi\u00f3n (Pa) y el grado de filtraci\u00f3n. Para un port\u00e1til, es el rendimiento multin\u00facleo sostenido y la degradaci\u00f3n de la bater\u00eda. No permitimos m\u00e9tricas vac\u00edas de marketing.<\/p>\n<\/p><\/div>\n<div class=\"corp-timeline-step\">\n<h3>Paso 3: Recopilaci\u00f3n y Cruce de Datos<\/h3>\n<p>Recopilamos manuales t\u00e9cnicos, especificaciones del fabricante y resultados de laboratorios independientes. Luego, cruzamos estos datos base con el sentimiento real de los usuarios para ver si el producto cumple con lo que promete su hoja de especificaciones.<\/p>\n<\/p><\/div>\n<div class=\"corp-timeline-step\">\n<h3>Paso 4: Puntuaci\u00f3n Algor\u00edtmica<\/h3>\n<p>Todos los datos recopilados alimentan nuestras matrices de puntuaci\u00f3n por categor\u00edas. El producto se califica en Calidad de Construcci\u00f3n, Rendimiento, Usabilidad y Valor. La puntuaci\u00f3n final (sobre 10) se genera matem\u00e1ticamente, no por intuici\u00f3n.<\/p>\n<\/p><\/div>\n<div class=\"corp-timeline-step\">\n<h3>Paso 5: El Veredicto Final<\/h3>\n<p>Solo los productos con mayor puntuaci\u00f3n llegan a nuestras gu\u00edas de compra. Explicamos claramente para qui\u00e9n es el producto, qui\u00e9n deber\u00eda evitarlo y por qu\u00e9 super\u00f3 a la competencia.<\/p>\n<\/p><\/div>\n<\/div>\n<div class=\"corp-alert-wrap reveal-on-scroll\">\n<div class=\"kwyab-alert kwyab-alert-info\">\n<div class=\"kwyab-alert-text\">\n            <strong>Independencia Editorial:<\/strong> Nuestra metodolog\u00eda de pruebas est\u00e1 estrictamente aislada de los acuerdos de afiliaci\u00f3n. Las marcas no pueden pagar por una puntuaci\u00f3n m\u00e1s alta y nunca aceptamos ubicaciones patrocinadas. Si un producto no supera nuestra auditor\u00eda, no ser\u00e1 recomendado. <a href=\"\/es\/directrices-editoriales\/\">Lee nuestras Directrices Editoriales completas<\/a>.\n        <\/div>\n<\/p><\/div>\n<\/div>\n","protected":false},"excerpt":{"rendered":"<p>No nos limitamos a \u00abrese\u00f1ar\u00bb productos; los auditamos. Nuestra metodolog\u00eda est\u00e1 dise\u00f1ada para eliminar sesgos humanos, ignorar el ruido del marketing y centrarnos enteramente en el rendimiento medible, la fiabilidad a largo plazo y el valor real. Ya estemos evaluando un port\u00e1til de 2.000\u20ac o un dispositivo inteligente de 50\u20ac, absolutamente todos los productos pasan [&hellip;]<\/p>\n","protected":false},"author":1,"featured_media":0,"parent":0,"menu_order":0,"comment_status":"closed","ping_status":"closed","template":"template-corporate.php","meta":{"footnotes":""},"class_list":["post-321","page","type-page","status-publish","hentry"],"yoast_head":"<!-- This site is optimized with the Yoast SEO plugin v27.5 - https:\/\/yoast.com\/product\/yoast-seo-wordpress\/ -->\n<title>C\u00f3mo probamos - Know What You Are Buying<\/title>\n<meta name=\"robots\" content=\"index, follow, max-snippet:-1, max-image-preview:large, max-video-preview:-1\" \/>\n<link rel=\"canonical\" href=\"https:\/\/knowwhatyouarebuying.com\/es\/como-probamos\/\" \/>\n<meta property=\"og:locale\" content=\"es_ES\" \/>\n<meta property=\"og:type\" content=\"article\" \/>\n<meta property=\"og:title\" content=\"C\u00f3mo probamos - Know What You Are Buying\" \/>\n<meta property=\"og:description\" content=\"No nos limitamos a \u00abrese\u00f1ar\u00bb productos; los auditamos. Nuestra metodolog\u00eda est\u00e1 dise\u00f1ada para eliminar sesgos humanos, ignorar el ruido del marketing y centrarnos enteramente en el rendimiento medible, la fiabilidad a largo plazo y el valor real. Ya estemos evaluando un port\u00e1til de 2.000\u20ac o un dispositivo inteligente de 50\u20ac, absolutamente todos los productos pasan [&hellip;]\" \/>\n<meta property=\"og:url\" content=\"https:\/\/knowwhatyouarebuying.com\/es\/como-probamos\/\" \/>\n<meta property=\"og:site_name\" content=\"Know What You Are Buying\" \/>\n<meta name=\"twitter:card\" content=\"summary_large_image\" \/>\n<script type=\"application\/ld+json\" class=\"yoast-schema-graph\">{\"@context\":\"https:\\\/\\\/schema.org\",\"@graph\":[{\"@type\":\"WebPage\",\"@id\":\"https:\\\/\\\/knowwhatyouarebuying.com\\\/es\\\/como-probamos\\\/\",\"url\":\"https:\\\/\\\/knowwhatyouarebuying.com\\\/es\\\/como-probamos\\\/\",\"name\":\"C\u00f3mo probamos - Know What You Are Buying\",\"isPartOf\":{\"@id\":\"https:\\\/\\\/knowwhatyouarebuying.com\\\/es\\\/#website\"},\"datePublished\":\"2026-03-15T18:57:43+00:00\",\"breadcrumb\":{\"@id\":\"https:\\\/\\\/knowwhatyouarebuying.com\\\/es\\\/como-probamos\\\/#breadcrumb\"},\"inLanguage\":\"es\",\"potentialAction\":[{\"@type\":\"ReadAction\",\"target\":[\"https:\\\/\\\/knowwhatyouarebuying.com\\\/es\\\/como-probamos\\\/\"]}]},{\"@type\":\"BreadcrumbList\",\"@id\":\"https:\\\/\\\/knowwhatyouarebuying.com\\\/es\\\/como-probamos\\\/#breadcrumb\",\"itemListElement\":[{\"@type\":\"ListItem\",\"position\":1,\"name\":\"Home\",\"item\":\"https:\\\/\\\/knowwhatyouarebuying.com\\\/es\\\/\"},{\"@type\":\"ListItem\",\"position\":2,\"name\":\"C\u00f3mo probamos\"}]},{\"@type\":\"WebSite\",\"@id\":\"https:\\\/\\\/knowwhatyouarebuying.com\\\/es\\\/#website\",\"url\":\"https:\\\/\\\/knowwhatyouarebuying.com\\\/es\\\/\",\"name\":\"KnowWhat You Are Buying\",\"description\":\"\",\"potentialAction\":[{\"@type\":\"SearchAction\",\"target\":{\"@type\":\"EntryPoint\",\"urlTemplate\":\"https:\\\/\\\/knowwhatyouarebuying.com\\\/es\\\/?s={search_term_string}\"},\"query-input\":{\"@type\":\"PropertyValueSpecification\",\"valueRequired\":true,\"valueName\":\"search_term_string\"}}],\"inLanguage\":\"es\"}]}<\/script>\n<!-- \/ Yoast SEO plugin. -->","yoast_head_json":{"title":"C\u00f3mo probamos - Know What You Are Buying","robots":{"index":"index","follow":"follow","max-snippet":"max-snippet:-1","max-image-preview":"max-image-preview:large","max-video-preview":"max-video-preview:-1"},"canonical":"https:\/\/knowwhatyouarebuying.com\/es\/como-probamos\/","og_locale":"es_ES","og_type":"article","og_title":"C\u00f3mo probamos - Know What You Are Buying","og_description":"No nos limitamos a \u00abrese\u00f1ar\u00bb productos; los auditamos. Nuestra metodolog\u00eda est\u00e1 dise\u00f1ada para eliminar sesgos humanos, ignorar el ruido del marketing y centrarnos enteramente en el rendimiento medible, la fiabilidad a largo plazo y el valor real. Ya estemos evaluando un port\u00e1til de 2.000\u20ac o un dispositivo inteligente de 50\u20ac, absolutamente todos los productos pasan [&hellip;]","og_url":"https:\/\/knowwhatyouarebuying.com\/es\/como-probamos\/","og_site_name":"Know What You Are Buying","twitter_card":"summary_large_image","schema":{"@context":"https:\/\/schema.org","@graph":[{"@type":"WebPage","@id":"https:\/\/knowwhatyouarebuying.com\/es\/como-probamos\/","url":"https:\/\/knowwhatyouarebuying.com\/es\/como-probamos\/","name":"C\u00f3mo probamos - Know What You Are Buying","isPartOf":{"@id":"https:\/\/knowwhatyouarebuying.com\/es\/#website"},"datePublished":"2026-03-15T18:57:43+00:00","breadcrumb":{"@id":"https:\/\/knowwhatyouarebuying.com\/es\/como-probamos\/#breadcrumb"},"inLanguage":"es","potentialAction":[{"@type":"ReadAction","target":["https:\/\/knowwhatyouarebuying.com\/es\/como-probamos\/"]}]},{"@type":"BreadcrumbList","@id":"https:\/\/knowwhatyouarebuying.com\/es\/como-probamos\/#breadcrumb","itemListElement":[{"@type":"ListItem","position":1,"name":"Home","item":"https:\/\/knowwhatyouarebuying.com\/es\/"},{"@type":"ListItem","position":2,"name":"C\u00f3mo probamos"}]},{"@type":"WebSite","@id":"https:\/\/knowwhatyouarebuying.com\/es\/#website","url":"https:\/\/knowwhatyouarebuying.com\/es\/","name":"KnowWhat You Are Buying","description":"","potentialAction":[{"@type":"SearchAction","target":{"@type":"EntryPoint","urlTemplate":"https:\/\/knowwhatyouarebuying.com\/es\/?s={search_term_string}"},"query-input":{"@type":"PropertyValueSpecification","valueRequired":true,"valueName":"search_term_string"}}],"inLanguage":"es"}]}},"_links":{"self":[{"href":"https:\/\/knowwhatyouarebuying.com\/es\/wp-json\/wp\/v2\/pages\/321","targetHints":{"allow":["GET"]}}],"collection":[{"href":"https:\/\/knowwhatyouarebuying.com\/es\/wp-json\/wp\/v2\/pages"}],"about":[{"href":"https:\/\/knowwhatyouarebuying.com\/es\/wp-json\/wp\/v2\/types\/page"}],"author":[{"embeddable":true,"href":"https:\/\/knowwhatyouarebuying.com\/es\/wp-json\/wp\/v2\/users\/1"}],"replies":[{"embeddable":true,"href":"https:\/\/knowwhatyouarebuying.com\/es\/wp-json\/wp\/v2\/comments?post=321"}],"version-history":[{"count":1,"href":"https:\/\/knowwhatyouarebuying.com\/es\/wp-json\/wp\/v2\/pages\/321\/revisions"}],"predecessor-version":[{"id":322,"href":"https:\/\/knowwhatyouarebuying.com\/es\/wp-json\/wp\/v2\/pages\/321\/revisions\/322"}],"wp:attachment":[{"href":"https:\/\/knowwhatyouarebuying.com\/es\/wp-json\/wp\/v2\/media?parent=321"}],"curies":[{"name":"wp","href":"https:\/\/api.w.org\/{rel}","templated":true}]}}