{"id":328,"date":"2026-03-15T20:03:12","date_gmt":"2026-03-15T19:03:12","guid":{"rendered":"https:\/\/knowwhatyouarebuying.com\/es\/?page_id=328"},"modified":"2026-03-15T20:21:13","modified_gmt":"2026-03-15T19:21:13","slug":"contacto","status":"publish","type":"page","link":"https:\/\/knowwhatyouarebuying.com\/es\/contacto\/","title":{"rendered":"Contacto"},"content":{"rendered":"<div class=\"contact-pro-wrapper reveal-on-scroll\">\n<div class=\"contact-pro-info\">\n<h1>Contacto.<\/h1>\n<p>Leemos todos los mensajes. \u00bfHas detectado un error t\u00e9cnico o tienes una consulta comercial? Escr\u00edbenos.<\/p>\n<div class=\"pro-method\">\n<div class=\"pro-method-icon\"><svg viewBox=\"0 0 24 24\" fill=\"currentColor\"><path d=\"M20 4H4c-1.1 0-1.99.9-1.99 2L2 18c0 1.1.9 2 2 2h16c1.1 0 2-.9 2-2V6c0-1.1-.9-2-2-2zm0 4l-8 5-8-5V6l8 5 8-5v2z\"\/><\/svg><\/div>\n<div class=\"pro-method-text\"><span>Email<\/span><strong>contact@knowwhatyouarebuying.com<\/strong><\/div>\n<\/div>\n<div class=\"pro-method\">\n<div class=\"pro-method-icon\"><svg viewBox=\"0 0 24 24\" fill=\"currentColor\"><path d=\"M12 2C8.13 2 5 5.13 5 9c0 5.25 7 13 7 13s7-7.75 7-13c0-3.87-3.13-7-7-7zm0 9.5c-1.38 0-2.5-1.12-2.5-2.5s1.12-2.5 2.5-2.5 2.5 1.12 2.5 2.5-1.12 2.5-2.5 2.5z\"\/><\/svg><\/div>\n<div class=\"pro-method-text\"><span>Ubicaci\u00f3n<\/span><strong>Terrassa, Barcelona (Espa\u00f1a)<\/strong><\/div>\n<\/div>\n<div class=\"pro-method\">\n<div class=\"pro-method-icon\"><svg viewBox=\"0 0 24 24\" fill=\"currentColor\"><path d=\"M11.99 2C6.47 2 2 6.48 2 12s4.47 10 9.99 10C17.52 22 22 17.52 22 12S17.52 2 11.99 2zm4.24 16L12 15.45 7.77 18l1.12-4.81-3.73-3.18 4.92-.42L12 5l1.92 4.53 4.92.42-3.73 3.18L16.23 18z\"\/><\/svg><\/div>\n<div class=\"pro-method-text\"><span>Tiempo de Respuesta<\/span><strong>En 24-48 Horas<\/strong><\/div>\n<\/div>\n<\/div>\n<div class=\"contact-pro-form\">\n<form action=\"#\" method=\"POST\">\n<div class=\"pro-form-grid\">\n<div class=\"pro-form-group\"><label for=\"fname\">Nombre<\/label><input type=\"text\" id=\"fname\" name=\"fname\" required placeholder=\"Juan\"><\/div>\n<div class=\"pro-form-group\"><label for=\"email\">Correo Electr\u00f3nico<\/label><input type=\"email\" id=\"email\" name=\"email\" required placeholder=\"juan@ejemplo.com\"><\/div>\n<\/div>\n<div class=\"pro-form-group\"><label for=\"subject\">Departamento<\/label><select id=\"subject\" name=\"subject\" required><option value=\"\" disabled selected>Selecciona una opci\u00f3n&#8230;<\/option><option value=\"correction\">Reportar un Error<\/option><option value=\"business\">Prensa y Negocios<\/option><option value=\"other\">Consulta General<\/option><\/select><\/div>\n<div class=\"pro-form-group\"><label for=\"message\">Mensaje<\/label><textarea id=\"message\" name=\"message\" required placeholder=\"\u00bfEn qu\u00e9 podemos ayudarte?\"><\/textarea><\/div>\n<div class=\"pro-checkbox-group\"><input type=\"checkbox\" id=\"privacy\" name=\"privacy\" required><label for=\"privacy\">Consiento que KWYAB almacene mi informaci\u00f3n para responder a mi consulta. Ver <a href=\"\/es\/politica-de-privacidad\/\" target=\"_blank\">Pol\u00edtica de Privacidad<\/a>.<\/label><\/div>\n<p><button type=\"submit\" class=\"pro-submit-btn\">Enviar Mensaje<\/button><\/form>\n<\/div>\n<\/div>\n","protected":false},"excerpt":{"rendered":"<p>Contacto. Leemos todos los mensajes. \u00bfHas detectado un error t\u00e9cnico o tienes una consulta comercial? Escr\u00edbenos. Emailcontact@knowwhatyouarebuying.com Ubicaci\u00f3nTerrassa, Barcelona (Espa\u00f1a) Tiempo de RespuestaEn 24-48 Horas Nombre Correo Electr\u00f3nico DepartamentoSelecciona una opci\u00f3n&#8230;Reportar un ErrorPrensa y NegociosConsulta General Mensaje Consiento que KWYAB almacene mi informaci\u00f3n para responder a mi consulta. Ver Pol\u00edtica de Privacidad. Enviar Mensaje<\/p>\n","protected":false},"author":1,"featured_media":0,"parent":0,"menu_order":0,"comment_status":"closed","ping_status":"closed","template":"template-corporate.php","meta":{"footnotes":""},"class_list":["post-328","page","type-page","status-publish","hentry"],"yoast_head":"<!-- This site is optimized with the Yoast SEO plugin v27.5 - https:\/\/yoast.com\/product\/yoast-seo-wordpress\/ -->\n<title>Contacto - Know What You Are Buying<\/title>\n<meta name=\"robots\" content=\"index, follow, max-snippet:-1, max-image-preview:large, max-video-preview:-1\" \/>\n<link rel=\"canonical\" href=\"https:\/\/knowwhatyouarebuying.com\/es\/contacto\/\" \/>\n<meta property=\"og:locale\" content=\"es_ES\" \/>\n<meta property=\"og:type\" content=\"article\" \/>\n<meta property=\"og:title\" content=\"Contacto - Know What You Are Buying\" \/>\n<meta property=\"og:description\" content=\"Contacto. Leemos todos los mensajes. \u00bfHas detectado un error t\u00e9cnico o tienes una consulta comercial? Escr\u00edbenos. Emailcontact@knowwhatyouarebuying.com Ubicaci\u00f3nTerrassa, Barcelona (Espa\u00f1a) Tiempo de RespuestaEn 24-48 Horas Nombre Correo Electr\u00f3nico DepartamentoSelecciona una opci\u00f3n&#8230;Reportar un ErrorPrensa y NegociosConsulta General Mensaje Consiento que KWYAB almacene mi informaci\u00f3n para responder a mi consulta. Ver Pol\u00edtica de Privacidad. Enviar Mensaje\" \/>\n<meta property=\"og:url\" content=\"https:\/\/knowwhatyouarebuying.com\/es\/contacto\/\" \/>\n<meta property=\"og:site_name\" content=\"Know What You Are Buying\" \/>\n<meta property=\"article:modified_time\" content=\"2026-03-15T19:21:13+00:00\" \/>\n<meta name=\"twitter:card\" content=\"summary_large_image\" \/>\n<meta name=\"twitter:label1\" content=\"Tiempo de lectura\" \/>\n\t<meta name=\"twitter:data1\" content=\"1 minuto\" \/>\n<script type=\"application\/ld+json\" class=\"yoast-schema-graph\">{\"@context\":\"https:\\\/\\\/schema.org\",\"@graph\":[{\"@type\":\"WebPage\",\"@id\":\"https:\\\/\\\/knowwhatyouarebuying.com\\\/es\\\/contacto\\\/\",\"url\":\"https:\\\/\\\/knowwhatyouarebuying.com\\\/es\\\/contacto\\\/\",\"name\":\"Contacto - Know What You Are Buying\",\"isPartOf\":{\"@id\":\"https:\\\/\\\/knowwhatyouarebuying.com\\\/es\\\/#website\"},\"datePublished\":\"2026-03-15T19:03:12+00:00\",\"dateModified\":\"2026-03-15T19:21:13+00:00\",\"breadcrumb\":{\"@id\":\"https:\\\/\\\/knowwhatyouarebuying.com\\\/es\\\/contacto\\\/#breadcrumb\"},\"inLanguage\":\"es\",\"potentialAction\":[{\"@type\":\"ReadAction\",\"target\":[\"https:\\\/\\\/knowwhatyouarebuying.com\\\/es\\\/contacto\\\/\"]}]},{\"@type\":\"BreadcrumbList\",\"@id\":\"https:\\\/\\\/knowwhatyouarebuying.com\\\/es\\\/contacto\\\/#breadcrumb\",\"itemListElement\":[{\"@type\":\"ListItem\",\"position\":1,\"name\":\"Home\",\"item\":\"https:\\\/\\\/knowwhatyouarebuying.com\\\/es\\\/\"},{\"@type\":\"ListItem\",\"position\":2,\"name\":\"Contacto\"}]},{\"@type\":\"WebSite\",\"@id\":\"https:\\\/\\\/knowwhatyouarebuying.com\\\/es\\\/#website\",\"url\":\"https:\\\/\\\/knowwhatyouarebuying.com\\\/es\\\/\",\"name\":\"KnowWhat You Are Buying\",\"description\":\"\",\"potentialAction\":[{\"@type\":\"SearchAction\",\"target\":{\"@type\":\"EntryPoint\",\"urlTemplate\":\"https:\\\/\\\/knowwhatyouarebuying.com\\\/es\\\/?s={search_term_string}\"},\"query-input\":{\"@type\":\"PropertyValueSpecification\",\"valueRequired\":true,\"valueName\":\"search_term_string\"}}],\"inLanguage\":\"es\"}]}<\/script>\n<!-- \/ Yoast SEO plugin. -->","yoast_head_json":{"title":"Contacto - Know What You Are Buying","robots":{"index":"index","follow":"follow","max-snippet":"max-snippet:-1","max-image-preview":"max-image-preview:large","max-video-preview":"max-video-preview:-1"},"canonical":"https:\/\/knowwhatyouarebuying.com\/es\/contacto\/","og_locale":"es_ES","og_type":"article","og_title":"Contacto - Know What You Are Buying","og_description":"Contacto. Leemos todos los mensajes. \u00bfHas detectado un error t\u00e9cnico o tienes una consulta comercial? Escr\u00edbenos. Emailcontact@knowwhatyouarebuying.com Ubicaci\u00f3nTerrassa, Barcelona (Espa\u00f1a) Tiempo de RespuestaEn 24-48 Horas Nombre Correo Electr\u00f3nico DepartamentoSelecciona una opci\u00f3n&#8230;Reportar un ErrorPrensa y NegociosConsulta General Mensaje Consiento que KWYAB almacene mi informaci\u00f3n para responder a mi consulta. Ver Pol\u00edtica de Privacidad. Enviar Mensaje","og_url":"https:\/\/knowwhatyouarebuying.com\/es\/contacto\/","og_site_name":"Know What You Are Buying","article_modified_time":"2026-03-15T19:21:13+00:00","twitter_card":"summary_large_image","twitter_misc":{"Tiempo de lectura":"1 minuto"},"schema":{"@context":"https:\/\/schema.org","@graph":[{"@type":"WebPage","@id":"https:\/\/knowwhatyouarebuying.com\/es\/contacto\/","url":"https:\/\/knowwhatyouarebuying.com\/es\/contacto\/","name":"Contacto - Know What You Are Buying","isPartOf":{"@id":"https:\/\/knowwhatyouarebuying.com\/es\/#website"},"datePublished":"2026-03-15T19:03:12+00:00","dateModified":"2026-03-15T19:21:13+00:00","breadcrumb":{"@id":"https:\/\/knowwhatyouarebuying.com\/es\/contacto\/#breadcrumb"},"inLanguage":"es","potentialAction":[{"@type":"ReadAction","target":["https:\/\/knowwhatyouarebuying.com\/es\/contacto\/"]}]},{"@type":"BreadcrumbList","@id":"https:\/\/knowwhatyouarebuying.com\/es\/contacto\/#breadcrumb","itemListElement":[{"@type":"ListItem","position":1,"name":"Home","item":"https:\/\/knowwhatyouarebuying.com\/es\/"},{"@type":"ListItem","position":2,"name":"Contacto"}]},{"@type":"WebSite","@id":"https:\/\/knowwhatyouarebuying.com\/es\/#website","url":"https:\/\/knowwhatyouarebuying.com\/es\/","name":"KnowWhat You Are Buying","description":"","potentialAction":[{"@type":"SearchAction","target":{"@type":"EntryPoint","urlTemplate":"https:\/\/knowwhatyouarebuying.com\/es\/?s={search_term_string}"},"query-input":{"@type":"PropertyValueSpecification","valueRequired":true,"valueName":"search_term_string"}}],"inLanguage":"es"}]}},"_links":{"self":[{"href":"https:\/\/knowwhatyouarebuying.com\/es\/wp-json\/wp\/v2\/pages\/328","targetHints":{"allow":["GET"]}}],"collection":[{"href":"https:\/\/knowwhatyouarebuying.com\/es\/wp-json\/wp\/v2\/pages"}],"about":[{"href":"https:\/\/knowwhatyouarebuying.com\/es\/wp-json\/wp\/v2\/types\/page"}],"author":[{"embeddable":true,"href":"https:\/\/knowwhatyouarebuying.com\/es\/wp-json\/wp\/v2\/users\/1"}],"replies":[{"embeddable":true,"href":"https:\/\/knowwhatyouarebuying.com\/es\/wp-json\/wp\/v2\/comments?post=328"}],"version-history":[{"count":5,"href":"https:\/\/knowwhatyouarebuying.com\/es\/wp-json\/wp\/v2\/pages\/328\/revisions"}],"predecessor-version":[{"id":336,"href":"https:\/\/knowwhatyouarebuying.com\/es\/wp-json\/wp\/v2\/pages\/328\/revisions\/336"}],"wp:attachment":[{"href":"https:\/\/knowwhatyouarebuying.com\/es\/wp-json\/wp\/v2\/media?parent=328"}],"curies":[{"name":"wp","href":"https:\/\/api.w.org\/{rel}","templated":true}]}}